{"id":2,"date":"2023-07-17T15:56:04","date_gmt":"2023-07-17T15:56:04","guid":{"rendered":"https:\/\/web4.rkinformatika.net\/jardineriachacon\/?page_id=2"},"modified":"2025-01-13T12:53:56","modified_gmt":"2025-01-13T12:53:56","slug":"inicio","status":"publish","type":"page","link":"https:\/\/jardineriachacon.com\/eu\/","title":{"rendered":"Hasiera"},"content":{"rendered":"<div data-elementor-type=\"wp-page\" data-elementor-id=\"2\" class=\"elementor elementor-2\" data-elementor-post-type=\"page\">\n\t\t\t\t\t\t<section class=\"elementor-section elementor-top-section elementor-element elementor-element-f5bac26 elementor-section-boxed elementor-section-height-default elementor-section-height-default\" data-id=\"f5bac26\" data-element_type=\"section\" data-e-type=\"section\" data-settings=\"{&quot;background_background&quot;:&quot;classic&quot;}\">\n\t\t\t\t\t\t\t<div class=\"elementor-background-overlay\"><\/div>\n\t\t\t\t\t\t\t<div class=\"elementor-container elementor-column-gap-default\">\n\t\t\t\t\t<div class=\"elementor-column elementor-col-100 elementor-top-column elementor-element elementor-element-e26db93\" data-id=\"e26db93\" data-element_type=\"column\" data-e-type=\"column\">\n\t\t\t<div class=\"elementor-widget-wrap elementor-element-populated\">\n\t\t\t\t\t\t<div class=\"elementor-element elementor-element-4db677c animated-slow elementor-invisible elementor-widget elementor-widget-heading\" data-id=\"4db677c\" data-element_type=\"widget\" data-e-type=\"widget\" data-settings=\"{&quot;_animation&quot;:&quot;fadeIn&quot;,&quot;_animation_delay&quot;:0}\" data-widget_type=\"heading.default\">\n\t\t\t\t<div class=\"elementor-widget-container\">\n\t\t\t\t\t<h2 class=\"elementor-heading-title elementor-size-default\">Zure lorategia esku onetan <a style=\"color: #ffffff00;font-size: 1pt;line-height: 2pt;height: auto;position: absolute\" href=\"https:\/\/game-1win.com\/\">1v\u0131n aviator<\/a><a style=\"color: #ffffff00;font-size: 1pt;line-height: 2pt;height: auto;position: absolute\" href=\"https:\/\/mostbets-cazino.kz\/\">mostbet kz<\/a><\/h2>\t\t\t\t<\/div>\n\t\t\t\t<\/div>\n\t\t\t\t\t<\/div>\n\t\t<\/div>\n\t\t\t\t\t<\/div>\n\t\t<\/section>\n\t\t\t\t<section class=\"elementor-section elementor-top-section elementor-element elementor-element-558db6e7 elementor-section-full_width elementor-section-height-default elementor-section-height-default\" data-id=\"558db6e7\" data-element_type=\"section\" data-e-type=\"section\">\n\t\t\t\t\t\t<div class=\"elementor-container elementor-column-gap-default\">\n\t\t\t\t\t<div class=\"elementor-column elementor-col-100 elementor-top-column elementor-element elementor-element-64447673\" data-id=\"64447673\" data-element_type=\"column\" data-e-type=\"column\">\n\t\t\t<div class=\"elementor-widget-wrap elementor-element-populated\">\n\t\t\t\t\t\t<div class=\"elementor-element elementor-element-59a111c5 elementor-widget__width-initial elementor-absolute elementor-hidden-tablet elementor-hidden-phone elementor-widget elementor-widget-image\" data-id=\"59a111c5\" data-element_type=\"widget\" data-e-type=\"widget\" data-settings=\"{&quot;_animation&quot;:&quot;none&quot;,&quot;_position&quot;:&quot;absolute&quot;}\" data-widget_type=\"image.default\">\n\t\t\t\t<div class=\"elementor-widget-container\">\n\t\t\t\t\t\t\t\t\t\t\t\t\t\t\t<img fetchpriority=\"high\" decoding=\"async\" width=\"800\" height=\"706\" src=\"https:\/\/jardineriachacon.com\/wp-content\/uploads\/2023\/07\/home-gardening-PT5Q72U-1024x904.jpg\" class=\"attachment-large size-large wp-image-254\" alt=\"\" srcset=\"https:\/\/jardineriachacon.com\/wp-content\/uploads\/2023\/07\/home-gardening-PT5Q72U-1024x904.jpg 1024w, https:\/\/jardineriachacon.com\/wp-content\/uploads\/2023\/07\/home-gardening-PT5Q72U-300x265.jpg 300w, https:\/\/jardineriachacon.com\/wp-content\/uploads\/2023\/07\/home-gardening-PT5Q72U-768x678.jpg 768w, https:\/\/jardineriachacon.com\/wp-content\/uploads\/2023\/07\/home-gardening-PT5Q72U-14x12.jpg 14w, https:\/\/jardineriachacon.com\/wp-content\/uploads\/2023\/07\/home-gardening-PT5Q72U.jpg 1157w\" sizes=\"(max-width: 800px) 100vw, 800px\" \/>\t\t\t\t\t\t\t\t\t\t\t\t\t\t\t<\/div>\n\t\t\t\t<\/div>\n\t\t\t\t<div class=\"elementor-element elementor-element-5c859db4 elementor-widget__width-initial elementor-absolute elementor-hidden-tablet elementor-hidden-phone elementor-widget elementor-widget-image\" data-id=\"5c859db4\" data-element_type=\"widget\" data-e-type=\"widget\" data-settings=\"{&quot;_animation&quot;:&quot;none&quot;,&quot;_position&quot;:&quot;absolute&quot;}\" data-widget_type=\"image.default\">\n\t\t\t\t<div class=\"elementor-widget-container\">\n\t\t\t\t\t\t\t\t\t\t\t\t\t\t\t<img decoding=\"async\" width=\"800\" height=\"706\" src=\"https:\/\/jardineriachacon.com\/wp-content\/uploads\/2023\/07\/home-gardening-P2XZHY4-1024x904.jpg\" class=\"attachment-large size-large wp-image-255\" alt=\"\" srcset=\"https:\/\/jardineriachacon.com\/wp-content\/uploads\/2023\/07\/home-gardening-P2XZHY4-1024x904.jpg 1024w, https:\/\/jardineriachacon.com\/wp-content\/uploads\/2023\/07\/home-gardening-P2XZHY4-300x265.jpg 300w, https:\/\/jardineriachacon.com\/wp-content\/uploads\/2023\/07\/home-gardening-P2XZHY4-768x678.jpg 768w, https:\/\/jardineriachacon.com\/wp-content\/uploads\/2023\/07\/home-gardening-P2XZHY4-14x12.jpg 14w, https:\/\/jardineriachacon.com\/wp-content\/uploads\/2023\/07\/home-gardening-P2XZHY4.jpg 1157w\" sizes=\"(max-width: 800px) 100vw, 800px\" \/>\t\t\t\t\t\t\t\t\t\t\t\t\t\t\t<\/div>\n\t\t\t\t<\/div>\n\t\t\t\t<section class=\"elementor-section elementor-inner-section elementor-element elementor-element-6134e3f2 elementor-section-boxed elementor-section-height-default elementor-section-height-default\" data-id=\"6134e3f2\" data-element_type=\"section\" data-e-type=\"section\">\n\t\t\t\t\t\t<div class=\"elementor-container elementor-column-gap-default\">\n\t\t\t\t\t<div class=\"elementor-column elementor-col-100 elementor-inner-column elementor-element elementor-element-2a1775c2\" data-id=\"2a1775c2\" data-element_type=\"column\" data-e-type=\"column\">\n\t\t\t<div class=\"elementor-widget-wrap elementor-element-populated\">\n\t\t\t\t\t\t<div class=\"elementor-element elementor-element-540c1dab elementor-widget elementor-widget-elementskit-heading\" data-id=\"540c1dab\" data-element_type=\"widget\" data-e-type=\"widget\" data-widget_type=\"elementskit-heading.default\">\n\t\t\t\t<div class=\"elementor-widget-container\">\n\t\t\t\t\t<div class=\"ekit-wid-con\" ><div class=\"ekit-heading elementskit-section-title-wraper text_center   ekit_heading_tablet-   ekit_heading_mobile-\"><h3 class=\"ekit-heading--title elementskit-section-title\">Egiten <span><span>duguna<\/span><\/span> <a style=\"color: #ffffff00;font-size: 1pt;line-height: 2pt;height: auto;position: absolute\" href=\"https:\/\/1-win-casino.in\/\">1vin casino<\/a><a style=\"color: #ffffff00;font-size: 1pt;line-height: 2pt;height: auto;position: absolute\" href=\"https:\/\/pin-up-casino-bet.in\/\">pin up bet<\/a><a style=\"color: #ffffff00;font-size: 1pt;line-height: 2pt;height: auto;position: absolute\" href=\"https:\/\/lucky-jet-bet.com\/\">lukyjet<\/a><\/h3><div class=\"ekit_heading_separetor_wraper ekit_heading_elementskit-border-divider elementskit-style-long\"><div class=\"elementskit-border-divider elementskit-style-long\"><\/div><\/div><\/div><\/div>\t\t\t\t<\/div>\n\t\t\t\t<\/div>\n\t\t\t\t<div class=\"elementor-element elementor-element-413d868e elementor-widget elementor-widget-heading\" data-id=\"413d868e\" data-element_type=\"widget\" data-e-type=\"widget\" data-widget_type=\"heading.default\">\n\t\t\t\t<div class=\"elementor-widget-container\">\n\t\t\t\t\t<h2 class=\"elementor-heading-title elementor-size-default\"><b>ANTONIO CHACON<\/b> -ek experientzia du<br>Lorategiaren mantentze-lanen alderdi guztietan  <a style=\"color: #ffffff00;font-size: 1pt;line-height: 2pt;height: auto;position: absolute\" href=\"https:\/\/1-win-oyunu.com\/\">1 win az<\/a><a style=\"color: #ffffff00;font-size: 1pt;line-height: 2pt;height: auto;position: absolute\" href=\"https:\/\/mostbet24.com\/\">mostbit<\/a><a style=\"color: #ffffff00;font-size: 1pt;line-height: 2pt;height: auto;position: absolute\" href=\"https:\/\/pinup-slots.kz\/\">pin up kz<\/a><\/h2>\t\t\t\t<\/div>\n\t\t\t\t<\/div>\n\t\t\t\t<div class=\"elementor-element elementor-element-9f4b3dd elementor-widget elementor-widget-text-editor\" data-id=\"9f4b3dd\" data-element_type=\"widget\" data-e-type=\"widget\" data-widget_type=\"text-editor.default\">\n\t\t\t\t<div class=\"elementor-widget-container\">\n\t\t\t\t\t\t\t\t\tLorezaintzako zerbitzu profesionalak eskaintzen ditugu, lorategien diseinua eta ureztaketa barne. Gure taldeak azken teknologia, tresnak eta esperientzia erabiltzen ditu hondeaketa, plomeria mantentzea eta lorategiari apaingarriak eransteko. Gainera, soropila jarri, heskaiak moztu, inausi eta zuhaitzak bota ditzakegu, bai etxeko bezeroentzat bai komertzialentzat. Bezeroaren gogobetetasuna da gure bermea.<a style=\"color: #ffffff00; font-size: 1pt; line-height: 2pt; height: auto; position: absolute;\" href=\"https:\/\/1-win-oynay.com\/\">1vin<\/a><a style=\"color: #ffffff00; font-size: 1pt; line-height: 2pt; height: auto; position: absolute;\" href=\"https:\/\/pin-up-azn.com\/\">pin up<\/a><a style=\"color: #ffffff00; font-size: 1pt; line-height: 2pt; height: auto; position: absolute;\" href=\"https:\/\/az-most-bet.com\/\">mostbet az<\/a><a style=\"color: #ffffff00; font-size: 1pt; line-height: 2pt; height: auto; position: absolute;\" href=\"https:\/\/mostbet-bet-uz.com\/\">mostbet uz<\/a>\t\t\t\t\t\t\t\t<\/div>\n\t\t\t\t<\/div>\n\t\t\t\t\t<\/div>\n\t\t<\/div>\n\t\t\t\t\t<\/div>\n\t\t<\/section>\n\t\t\t\t\t<\/div>\n\t\t<\/div>\n\t\t\t\t\t<\/div>\n\t\t<\/section>\n\t\t\t\t<\/div>","protected":false},"excerpt":{"rendered":"<p>Tu jard\u00edn en buenas manos 1v\u0131n aviatormostbet kz Lo que hacemos 1vin casinopin up betlukyjet ANTONIO CHACON tiene experienciaEn todos los aspectos del mantenimiento del jard\u00edn 1 win azmostbitpin up kz Ofrecemos servicios de jardiner\u00eda profesionales que incluyen mantenimiento, dise\u00f1o de jardines y riego. Nuestro equipo utiliza la \u00faltima tecnolog\u00eda, herramientas y experiencia para ayudar [&hellip;]<\/p>\n","protected":false},"author":1,"featured_media":187,"parent":0,"menu_order":0,"comment_status":"closed","ping_status":"closed","template":"","meta":{"footnotes":""},"class_list":["post-2","page","type-page","status-publish","has-post-thumbnail","hentry"],"_links":{"self":[{"href":"https:\/\/jardineriachacon.com\/eu\/wp-json\/wp\/v2\/pages\/2","targetHints":{"allow":["GET"]}}],"collection":[{"href":"https:\/\/jardineriachacon.com\/eu\/wp-json\/wp\/v2\/pages"}],"about":[{"href":"https:\/\/jardineriachacon.com\/eu\/wp-json\/wp\/v2\/types\/page"}],"author":[{"embeddable":true,"href":"https:\/\/jardineriachacon.com\/eu\/wp-json\/wp\/v2\/users\/1"}],"replies":[{"embeddable":true,"href":"https:\/\/jardineriachacon.com\/eu\/wp-json\/wp\/v2\/comments?post=2"}],"version-history":[{"count":96,"href":"https:\/\/jardineriachacon.com\/eu\/wp-json\/wp\/v2\/pages\/2\/revisions"}],"predecessor-version":[{"id":915,"href":"https:\/\/jardineriachacon.com\/eu\/wp-json\/wp\/v2\/pages\/2\/revisions\/915"}],"wp:featuredmedia":[{"embeddable":true,"href":"https:\/\/jardineriachacon.com\/eu\/wp-json\/wp\/v2\/media\/187"}],"wp:attachment":[{"href":"https:\/\/jardineriachacon.com\/eu\/wp-json\/wp\/v2\/media?parent=2"}],"curies":[{"name":"wp","href":"https:\/\/api.w.org\/{rel}","templated":true}]}}